{"id":293,"date":"2023-04-23T21:13:34","date_gmt":"2023-04-23T19:13:34","guid":{"rendered":"http:\/\/espaceemmanuel.ovh\/?page_id=293"},"modified":"2025-12-09T14:48:00","modified_gmt":"2025-12-09T13:48:00","slug":"a-la-ferme","status":"publish","type":"page","link":"https:\/\/espaceemmanuel.ovh\/index.php\/camping\/a-la-ferme\/","title":{"rendered":"Chez l&rsquo;habitant"},"content":{"rendered":"\n<p>Vous souhaitez faire une exp\u00e9rience de camping avec votre famille?<\/p>\n\n\n\n<p>Vous \u00eates en rando, en v\u00e9lo et vous avez besoin de passer une nuit sur votre trajet?<\/p>\n\n\n\n<p>Vous pourrez planter votre tente dans un lieu s\u00e9curis\u00e9 et b\u00e9n\u00e9ficier d&rsquo;un point d&rsquo;eau, d&rsquo;un \u00e9vier, d&rsquo;une cuisini\u00e8re au gaz.<\/p>\n\n\n\n<div class=\"wp-block-columns is-layout-flex wp-container-core-columns-is-layout-9d6595d7 wp-block-columns-is-layout-flex\">\n<div class=\"wp-block-column is-layout-flow wp-block-column-is-layout-flow\" style=\"flex-basis:100%\">\n<figure class=\"wp-block-image size-large\"><img loading=\"lazy\" decoding=\"async\" width=\"1024\" height=\"768\" src=\"http:\/\/espaceemmanuel.ovh\/wp-content\/uploads\/2025\/12\/IMG_2035-1024x768.jpg\" alt=\"\" class=\"wp-image-778\" srcset=\"https:\/\/espaceemmanuel.ovh\/wp-content\/uploads\/2025\/12\/IMG_2035-1024x768.jpg 1024w, https:\/\/espaceemmanuel.ovh\/wp-content\/uploads\/2025\/12\/IMG_2035-300x225.jpg 300w, https:\/\/espaceemmanuel.ovh\/wp-content\/uploads\/2025\/12\/IMG_2035-768x576.jpg 768w, https:\/\/espaceemmanuel.ovh\/wp-content\/uploads\/2025\/12\/IMG_2035-1536x1152.jpg 1536w, https:\/\/espaceemmanuel.ovh\/wp-content\/uploads\/2025\/12\/IMG_2035-2048x1536.jpg 2048w\" sizes=\"auto, (max-width: 1024px) 100vw, 1024px\" \/><\/figure>\n<\/div>\n<\/div>\n\n\n\n<div class=\"wp-block-buttons is-content-justification-right is-layout-flex wp-container-core-buttons-is-layout-765c4724 wp-block-buttons-is-layout-flex\">\n<div class=\"wp-block-button is-style-outline is-style-outline--1\"><a class=\"wp-block-button__link has-secondary-color has-primary-background-color has-text-color has-background wp-element-button\" href=\"http:\/\/espaceemmanuel.ovh\/index.php\/camping\/\">Retour<\/a><\/div>\n<\/div>\n","protected":false},"excerpt":{"rendered":"<p>Vous souhaitez faire une exp\u00e9rience de camping avec votre famille? Vous \u00eates en rando, en v\u00e9lo et vous avez besoin de passer une nuit sur votre trajet? Vous pourrez planter votre tente dans un lieu s\u00e9curis\u00e9 et b\u00e9n\u00e9ficier d&rsquo;un point d&rsquo;eau, d&rsquo;un \u00e9vier, d&rsquo;une cuisini\u00e8re au gaz.<\/p>\n","protected":false},"author":1,"featured_media":0,"parent":186,"menu_order":0,"comment_status":"closed","ping_status":"closed","template":"","meta":{"hide_page_title":"","footnotes":""},"class_list":["post-293","page","type-page","status-publish","hentry"],"_links":{"self":[{"href":"https:\/\/espaceemmanuel.ovh\/index.php\/wp-json\/wp\/v2\/pages\/293","targetHints":{"allow":["GET"]}}],"collection":[{"href":"https:\/\/espaceemmanuel.ovh\/index.php\/wp-json\/wp\/v2\/pages"}],"about":[{"href":"https:\/\/espaceemmanuel.ovh\/index.php\/wp-json\/wp\/v2\/types\/page"}],"author":[{"embeddable":true,"href":"https:\/\/espaceemmanuel.ovh\/index.php\/wp-json\/wp\/v2\/users\/1"}],"replies":[{"embeddable":true,"href":"https:\/\/espaceemmanuel.ovh\/index.php\/wp-json\/wp\/v2\/comments?post=293"}],"version-history":[{"count":9,"href":"https:\/\/espaceemmanuel.ovh\/index.php\/wp-json\/wp\/v2\/pages\/293\/revisions"}],"predecessor-version":[{"id":782,"href":"https:\/\/espaceemmanuel.ovh\/index.php\/wp-json\/wp\/v2\/pages\/293\/revisions\/782"}],"up":[{"embeddable":true,"href":"https:\/\/espaceemmanuel.ovh\/index.php\/wp-json\/wp\/v2\/pages\/186"}],"wp:attachment":[{"href":"https:\/\/espaceemmanuel.ovh\/index.php\/wp-json\/wp\/v2\/media?parent=293"}],"curies":[{"name":"wp","href":"https:\/\/api.w.org\/{rel}","templated":true}]}}